{"id":114,"date":"2025-03-05T13:18:45","date_gmt":"2025-03-05T13:18:45","guid":{"rendered":"http:\/\/ecosolutions.tn\/?page_id=114"},"modified":"2025-03-10T09:04:33","modified_gmt":"2025-03-10T09:04:33","slug":"a-propos","status":"publish","type":"page","link":"https:\/\/ecosolutions.tn\/index.php\/a-propos\/","title":{"rendered":"A PROPOS"},"content":{"rendered":"\t\t<div data-elementor-type=\"wp-page\" data-elementor-id=\"114\" class=\"elementor elementor-114\">\n\t\t\t\t<div class=\"elementor-element elementor-element-7024896 e-flex e-con-boxed e-con e-parent\" data-id=\"7024896\" data-element_type=\"container\" data-e-type=\"container\">\n\t\t\t\t\t<div class=\"e-con-inner\">\n\t\t<div class=\"elementor-element elementor-element-48a084c e-con-full e-flex e-con e-child\" data-id=\"48a084c\" data-element_type=\"container\" data-e-type=\"container\">\n\t\t\t\t<div class=\"elementor-element elementor-element-9dcd411 elementor-widget elementor-widget-text-editor\" data-id=\"9dcd411\" data-element_type=\"widget\" data-e-type=\"widget\" data-widget_type=\"text-editor.default\">\n\t\t\t\t<div class=\"elementor-widget-container\">\n\t\t\t\t\t\t\t\t\t<p><strong>EcoSolutions Tunisie<\/strong> est une entreprise leader sp\u00e9cialis\u00e9e dans la vente et l&rsquo;installation de syst\u00e8mes photovolta\u00efques,cr\u00e9\u00e9e en 2020, bas\u00e9e \u00e0 Gafsa. Reconnue pour son excellence et son professionnalisme, EcoSolutions Tunisie s&rsquo;est impos\u00e9e comme une r\u00e9f\u00e9rence dans le domaine des \u00e9nergies renouvelables en Tunisie. En 2024, l&rsquo;entreprise a \u00e9t\u00e9 \u00e9lue <strong>premi\u00e8re soci\u00e9t\u00e9 installatrice \u00e0 Gafsa<\/strong>, un t\u00e9moignage de son engagement envers la qualit\u00e9, l&rsquo;innovation et la satisfaction client.<\/p>\t\t\t\t\t\t\t\t<\/div>\n\t\t\t\t<\/div>\n\t\t\t\t<\/div>\n\t\t<div class=\"elementor-element elementor-element-5386e4d e-con-full e-flex e-con e-child\" data-id=\"5386e4d\" data-element_type=\"container\" data-e-type=\"container\">\n\t\t\t\t<div class=\"elementor-element elementor-element-62b79cd elementor-widget elementor-widget-image\" data-id=\"62b79cd\" data-element_type=\"widget\" data-e-type=\"widget\" data-widget_type=\"image.default\">\n\t\t\t\t<div class=\"elementor-widget-container\">\n\t\t\t\t\t\t\t\t\t\t\t\t\t\t\t<img fetchpriority=\"high\" decoding=\"async\" width=\"851\" height=\"315\" src=\"https:\/\/ecosolutions.tn\/wp-content\/uploads\/2025\/03\/couverture.webp\" class=\"attachment-2048x2048 size-2048x2048 wp-image-192\" alt=\"\" srcset=\"https:\/\/ecosolutions.tn\/wp-content\/uploads\/2025\/03\/couverture.webp 851w, https:\/\/ecosolutions.tn\/wp-content\/uploads\/2025\/03\/couverture-300x111.webp 300w, https:\/\/ecosolutions.tn\/wp-content\/uploads\/2025\/03\/couverture-768x284.webp 768w\" sizes=\"(max-width: 851px) 100vw, 851px\" \/>\t\t\t\t\t\t\t\t\t\t\t\t\t\t\t<\/div>\n\t\t\t\t<\/div>\n\t\t\t\t<\/div>\n\t\t<div class=\"elementor-element elementor-element-84fa333 e-con-full e-flex e-con e-child\" data-id=\"84fa333\" data-element_type=\"container\" data-e-type=\"container\">\n\t\t\t\t<div class=\"elementor-element elementor-element-99bca72 elementor-widget elementor-widget-image\" data-id=\"99bca72\" data-element_type=\"widget\" data-e-type=\"widget\" data-widget_type=\"image.default\">\n\t\t\t\t<div class=\"elementor-widget-container\">\n\t\t\t\t\t\t\t\t\t\t\t\t\t\t\t<img decoding=\"async\" src=\"https:\/\/ecosolutions.tn\/wp-content\/uploads\/2025\/03\/428611801_819620506845959_6300204267946743969_n.jpg\" title=\"428611801_819620506845959_6300204267946743969_n\" alt=\"428611801_819620506845959_6300204267946743969_n\" loading=\"lazy\" \/>\t\t\t\t\t\t\t\t\t\t\t\t\t\t\t<\/div>\n\t\t\t\t<\/div>\n\t\t\t\t<\/div>\n\t\t<div class=\"elementor-element elementor-element-c04c8c2 e-con-full e-flex e-con e-child\" data-id=\"c04c8c2\" data-element_type=\"container\" data-e-type=\"container\">\n\t\t\t\t<div class=\"elementor-element elementor-element-9bf44b0 elementor-widget elementor-widget-text-editor\" data-id=\"9bf44b0\" data-element_type=\"widget\" data-e-type=\"widget\" data-widget_type=\"text-editor.default\">\n\t\t\t\t<div class=\"elementor-widget-container\">\n\t\t\t\t\t\t\t\t\t<p>Avec <strong>une \u00e9quipe d&rsquo;experts qualifi\u00e9s et passionn\u00e9s<\/strong>, <strong>EcoSolutions Tunisie<\/strong> propose des solutions \u00e9nerg\u00e9tiques sur mesure, adapt\u00e9es aux besoins des particuliers, des entreprises et des institutions. Que ce soit pour l&rsquo;installation de panneaux solaires, la maintenance des syst\u00e8mes ou l&rsquo;accompagnement dans les d\u00e9marches administratives, l&rsquo;entreprise garantit un service complet et fiable.<\/p><p><strong>EcoSolutions Tunisie<\/strong> se distingue par son approche \u00e9co-responsable, visant \u00e0 promouvoir l&rsquo;utilisation des \u00e9nergies propres et \u00e0 r\u00e9duire l&rsquo;impact environnemental. Gr\u00e2ce \u00e0 son savoir-faire et \u00e0 son engagement envers la durabilit\u00e9, l&rsquo;entreprise contribue activement \u00e0 la transition \u00e9nerg\u00e9tique de la r\u00e9gion de Gafsa et au-del\u00e0.<\/p><p>Choisir <strong>EcoSolutions Tunisie<\/strong>, c&rsquo;est opter pour une \u00e9nergie verte, des solutions performantes et un partenariat de confiance pour un avenir plus durable.<\/p>\t\t\t\t\t\t\t\t<\/div>\n\t\t\t\t<\/div>\n\t\t\t\t<\/div>\n\t\t\t\t\t<\/div>\n\t\t\t\t<\/div>\n\t\t<div class=\"elementor-element elementor-element-48ca457 e-flex e-con-boxed e-con e-parent\" data-id=\"48ca457\" data-element_type=\"container\" data-e-type=\"container\">\n\t\t\t\t\t<div class=\"e-con-inner\">\n\t\t\t\t<div class=\"elementor-element elementor-element-38cbf03 elementor-widget elementor-widget-image\" data-id=\"38cbf03\" data-element_type=\"widget\" data-e-type=\"widget\" data-widget_type=\"image.default\">\n\t\t\t\t<div class=\"elementor-widget-container\">\n\t\t\t\t\t\t\t\t\t\t\t\t\t\t\t<img decoding=\"async\" src=\"https:\/\/ecosolutions.tn\/wp-content\/uploads\/2025\/03\/111.webp\" title=\"111\" alt=\"111\" loading=\"lazy\" \/>\t\t\t\t\t\t\t\t\t\t\t\t\t\t\t<\/div>\n\t\t\t\t<\/div>\n\t\t\t\t\t<\/div>\n\t\t\t\t<\/div>\n\t\t\t\t<\/div>\n\t\t","protected":false},"excerpt":{"rendered":"<p>EcoSolutions Tunisie est une entreprise leader sp\u00e9cialis\u00e9e dans la vente et l&rsquo;installation de syst\u00e8mes photovolta\u00efques,cr\u00e9\u00e9e en 2020, bas\u00e9e \u00e0 Gafsa. Reconnue pour son excellence et son professionnalisme, EcoSolutions Tunisie s&rsquo;est impos\u00e9e comme une r\u00e9f\u00e9rence dans le domaine des \u00e9nergies renouvelables en Tunisie. En 2024, l&rsquo;entreprise a \u00e9t\u00e9 \u00e9lue premi\u00e8re soci\u00e9t\u00e9 installatrice \u00e0 Gafsa, un t\u00e9moignage [&hellip;]<\/p>\n","protected":false},"author":1,"featured_media":0,"parent":0,"menu_order":0,"comment_status":"closed","ping_status":"closed","template":"","meta":{"om_disable_all_campaigns":false,"footnotes":""},"class_list":["post-114","page","type-page","status-publish","hentry"],"_links":{"self":[{"href":"https:\/\/ecosolutions.tn\/index.php\/wp-json\/wp\/v2\/pages\/114","targetHints":{"allow":["GET"]}}],"collection":[{"href":"https:\/\/ecosolutions.tn\/index.php\/wp-json\/wp\/v2\/pages"}],"about":[{"href":"https:\/\/ecosolutions.tn\/index.php\/wp-json\/wp\/v2\/types\/page"}],"author":[{"embeddable":true,"href":"https:\/\/ecosolutions.tn\/index.php\/wp-json\/wp\/v2\/users\/1"}],"replies":[{"embeddable":true,"href":"https:\/\/ecosolutions.tn\/index.php\/wp-json\/wp\/v2\/comments?post=114"}],"version-history":[{"count":4,"href":"https:\/\/ecosolutions.tn\/index.php\/wp-json\/wp\/v2\/pages\/114\/revisions"}],"predecessor-version":[{"id":196,"href":"https:\/\/ecosolutions.tn\/index.php\/wp-json\/wp\/v2\/pages\/114\/revisions\/196"}],"wp:attachment":[{"href":"https:\/\/ecosolutions.tn\/index.php\/wp-json\/wp\/v2\/media?parent=114"}],"curies":[{"name":"wp","href":"https:\/\/api.w.org\/{rel}","templated":true}]}}