{"id":33,"date":"2025-03-03T09:03:56","date_gmt":"2025-03-03T09:03:56","guid":{"rendered":"http:\/\/ecosolutions.tn\/?page_id=33"},"modified":"2025-03-10T09:44:59","modified_gmt":"2025-03-10T09:44:59","slug":"nos-solutions","status":"publish","type":"page","link":"https:\/\/ecosolutions.tn\/index.php\/nos-solutions\/","title":{"rendered":"NOS SOLUTIONS"},"content":{"rendered":"\t\t<div data-elementor-type=\"wp-page\" data-elementor-id=\"33\" class=\"elementor elementor-33\">\n\t\t\t\t<div class=\"elementor-element elementor-element-48900e8 e-flex e-con-boxed e-con e-parent\" data-id=\"48900e8\" data-element_type=\"container\" data-e-type=\"container\">\n\t\t\t\t\t<div class=\"e-con-inner\">\n\t\t<div class=\"elementor-element elementor-element-3e51bd5 e-con-full e-flex e-con e-child\" data-id=\"3e51bd5\" data-element_type=\"container\" data-e-type=\"container\">\n\t\t\t\t<div class=\"elementor-element elementor-element-4e5c9ab elementor-widget elementor-widget-text-editor\" data-id=\"4e5c9ab\" data-element_type=\"widget\" data-e-type=\"widget\" data-widget_type=\"text-editor.default\">\n\t\t\t\t<div class=\"elementor-widget-container\">\n\t\t\t\t\t\t\t\t\t<p><strong>EcoSolutions Tunisie<\/strong>\u00a0propose une gamme de\u00a0<strong>panneaux solaires<\/strong>\u00a0de haute qualit\u00e9, homologu\u00e9s par l&rsquo;<strong>Agence Nationale de la Ma\u00eetrise de l&rsquo;\u00c9nergie (ANME)<\/strong>, garantissant ainsi leur conformit\u00e9 aux normes tunisiennes et internationales les plus strictes. Nos panneaux solaires sont issus des\u00a0<strong>meilleures marques mondiales<\/strong>, reconnues pour leur performance, leur durabilit\u00e9 et leur efficacit\u00e9 \u00e9nerg\u00e9tique. Ces produits sont class\u00e9s parmi les\u00a0<strong>premiers au monde<\/strong>\u00a0en termes de technologie et de rendement, offrant \u00e0 nos clients des solutions fiables et performantes pour leurs projets photovolta\u00efques.<\/p>\t\t\t\t\t\t\t\t<\/div>\n\t\t\t\t<\/div>\n\t\t\t\t<\/div>\n\t\t<div class=\"elementor-element elementor-element-537b5e4 e-con-full e-flex e-con e-child\" data-id=\"537b5e4\" data-element_type=\"container\" data-e-type=\"container\">\n\t\t\t\t<div class=\"elementor-element elementor-element-2453db3 elementor-widget elementor-widget-image\" data-id=\"2453db3\" data-element_type=\"widget\" data-e-type=\"widget\" data-widget_type=\"image.default\">\n\t\t\t\t<div class=\"elementor-widget-container\">\n\t\t\t\t\t\t\t\t\t\t\t\t\t\t\t<img fetchpriority=\"high\" decoding=\"async\" width=\"640\" height=\"454\" src=\"https:\/\/ecosolutions.tn\/wp-content\/uploads\/2025\/03\/design-panneau-1024x726.webp\" class=\"attachment-large size-large wp-image-210\" alt=\"\" srcset=\"https:\/\/ecosolutions.tn\/wp-content\/uploads\/2025\/03\/design-panneau-1024x726.webp 1024w, https:\/\/ecosolutions.tn\/wp-content\/uploads\/2025\/03\/design-panneau-300x213.webp 300w, https:\/\/ecosolutions.tn\/wp-content\/uploads\/2025\/03\/design-panneau-768x545.webp 768w, https:\/\/ecosolutions.tn\/wp-content\/uploads\/2025\/03\/design-panneau-1536x1090.webp 1536w, https:\/\/ecosolutions.tn\/wp-content\/uploads\/2025\/03\/design-panneau.webp 1748w\" sizes=\"(max-width: 640px) 100vw, 640px\" \/>\t\t\t\t\t\t\t\t\t\t\t\t\t\t\t<\/div>\n\t\t\t\t<\/div>\n\t\t\t\t<\/div>\n\t\t<div class=\"elementor-element elementor-element-0a6af6c e-con-full e-flex e-con e-child\" data-id=\"0a6af6c\" data-element_type=\"container\" data-e-type=\"container\">\n\t\t\t\t<div class=\"elementor-element elementor-element-ef46ab5 elementor-widget elementor-widget-text-editor\" data-id=\"ef46ab5\" data-element_type=\"widget\" data-e-type=\"widget\" data-widget_type=\"text-editor.default\">\n\t\t\t\t<div class=\"elementor-widget-container\">\n\t\t\t\t\t\t\t\t\t<div class=\"f9bf7997 c05b5566\"><div class=\"ds-markdown ds-markdown--block\"><h3>Pourquoi choisir nos panneaux solaires ?<\/h3><ul><li><p><strong>Homologation ANME<\/strong>\u00a0: Conformes aux normes tunisiennes, \u00e9ligibles aux subventions et incitations gouvernementales.<\/p><\/li><li><p><strong>Haut rendement<\/strong>\u00a0: Technologie de pointe pour maximiser la production d&rsquo;\u00e9nergie.<\/p><\/li><li><p><strong>Durabilit\u00e9<\/strong>\u00a0: Con\u00e7us pour r\u00e9sister aux conditions climatiques les plus exigeantes.<\/p><\/li><li><p><strong>Garanties \u00e9tendues<\/strong>\u00a0: Jusqu&rsquo;\u00e0 25 ans de garantie de performance et 10 \u00e0 12 ans de garantie mat\u00e9rielle.<\/p><\/li><li><p><strong>\u00c9co-responsables<\/strong>\u00a0: Contribuent \u00e0 r\u00e9duire votre empreinte carbone et \u00e0 pr\u00e9server l&rsquo;environnement.<\/p><\/li><\/ul><p>Chez\u00a0<strong>EcoSolutions Tunisie<\/strong>, nous s\u00e9lectionnons uniquement les meilleurs produits pour garantir \u00e0 nos clients une installation photovolta\u00efque performante, durable et rentable. Que ce soit pour un projet r\u00e9sidentiel, commercial ou industriel, nos panneaux solaires vous offrent une solution \u00e9nerg\u00e9tique fiable et respectueuse de l&rsquo;environnement.<\/p><\/div><\/div>\t\t\t\t\t\t\t\t<\/div>\n\t\t\t\t<\/div>\n\t\t\t\t<\/div>\n\t\t\t\t\t<\/div>\n\t\t\t\t<\/div>\n\t\t\t\t<\/div>\n\t\t","protected":false},"excerpt":{"rendered":"<p>EcoSolutions Tunisie\u00a0propose une gamme de\u00a0panneaux solaires\u00a0de haute qualit\u00e9, homologu\u00e9s par l&rsquo;Agence Nationale de la Ma\u00eetrise de l&rsquo;\u00c9nergie (ANME), garantissant ainsi leur conformit\u00e9 aux normes tunisiennes et internationales les plus strictes. Nos panneaux solaires sont issus des\u00a0meilleures marques mondiales, reconnues pour leur performance, leur durabilit\u00e9 et leur efficacit\u00e9 \u00e9nerg\u00e9tique. Ces produits sont class\u00e9s parmi les\u00a0premiers au [&hellip;]<\/p>\n","protected":false},"author":1,"featured_media":0,"parent":0,"menu_order":0,"comment_status":"closed","ping_status":"closed","template":"","meta":{"om_disable_all_campaigns":false,"footnotes":""},"class_list":["post-33","page","type-page","status-publish","hentry"],"_links":{"self":[{"href":"https:\/\/ecosolutions.tn\/index.php\/wp-json\/wp\/v2\/pages\/33","targetHints":{"allow":["GET"]}}],"collection":[{"href":"https:\/\/ecosolutions.tn\/index.php\/wp-json\/wp\/v2\/pages"}],"about":[{"href":"https:\/\/ecosolutions.tn\/index.php\/wp-json\/wp\/v2\/types\/page"}],"author":[{"embeddable":true,"href":"https:\/\/ecosolutions.tn\/index.php\/wp-json\/wp\/v2\/users\/1"}],"replies":[{"embeddable":true,"href":"https:\/\/ecosolutions.tn\/index.php\/wp-json\/wp\/v2\/comments?post=33"}],"version-history":[{"count":27,"href":"https:\/\/ecosolutions.tn\/index.php\/wp-json\/wp\/v2\/pages\/33\/revisions"}],"predecessor-version":[{"id":214,"href":"https:\/\/ecosolutions.tn\/index.php\/wp-json\/wp\/v2\/pages\/33\/revisions\/214"}],"wp:attachment":[{"href":"https:\/\/ecosolutions.tn\/index.php\/wp-json\/wp\/v2\/media?parent=33"}],"curies":[{"name":"wp","href":"https:\/\/api.w.org\/{rel}","templated":true}]}}